{"id":25,"date":"2019-05-08T10:30:01","date_gmt":"2019-05-08T10:30:01","guid":{"rendered":"http:\/\/bluebirdcaye.gid8.net\/?page_id=25"},"modified":"2021-05-27T13:13:35","modified_gmt":"2021-05-27T13:13:35","slug":"projects","status":"publish","type":"page","link":"https:\/\/www.estrelladevelop.com\/it\/projects\/","title":{"rendered":"Projects"},"content":{"rendered":"<div data-elementor-type=\"wp-post\" data-elementor-id=\"25\" class=\"elementor elementor-25\" data-elementor-settings=\"[]\">\n\t\t\t<div class=\"elementor-inner\">\n\t\t\t\t<div class=\"elementor-section-wrap\">\n\t\t\t\t\t\t\t<section class=\"elementor-element elementor-element-b70 elementor-section-full_width elementor-section-height-full elementor-section-items-stretch elementor-section-content-bottom elementor-section-height-default elementor-section elementor-top-section\" data-id=\"b70\" data-element_type=\"section\" data-settings=\"{&quot;background_background&quot;:&quot;classic&quot;}\">\n\t\t\t\t\t\t<div class=\"elementor-container elementor-column-gap-no\">\n\t\t\t\t<div class=\"elementor-row\">\n\t\t\t\t<div class=\"elementor-element elementor-element-79b3 elementor-column elementor-col-100 elementor-top-column\" data-id=\"79b3\" data-element_type=\"column\">\n\t\t\t<div class=\"elementor-column-wrap  elementor-element-populated\">\n\t\t\t\t\t<div class=\"elementor-widget-wrap\">\n\t\t\t\t<section class=\"elementor-element elementor-element-7b22 elementor-section-boxed elementor-section-height-default elementor-section-height-default elementor-section elementor-inner-section\" data-id=\"7b22\" data-element_type=\"section\" data-settings=\"{&quot;background_background&quot;:&quot;classic&quot;}\">\n\t\t\t\t\t\t<div class=\"elementor-container elementor-column-gap-default\">\n\t\t\t\t<div class=\"elementor-row\">\n\t\t\t\t<div class=\"elementor-element elementor-element-70ed elementor-column elementor-col-50 elementor-inner-column\" data-id=\"70ed\" data-element_type=\"column\">\n\t\t\t<div class=\"elementor-column-wrap  elementor-element-populated\">\n\t\t\t\t\t<div class=\"elementor-widget-wrap\">\n\t\t\t\t<div class=\"elementor-element elementor-element-11bbd05 elementor-widget elementor-widget-image\" data-id=\"11bbd05\" data-element_type=\"widget\" data-widget_type=\"image.default\">\n\t\t\t\t<div class=\"elementor-widget-container\">\n\t\t\t\t\t<div class=\"elementor-image\">\n\t\t\t\t\t\t\t\t\t\t\t<a href=\"https:\/\/www.estrelladevelop.com\/wp-content\/uploads\/2021\/05\/Estrella-Blanca-Sales-Brochure.pdf\" target=\"_blank\">\n\t\t\t\t\t\t\t<img width=\"500\" height=\"607\" src=\"https:\/\/www.estrelladevelop.com\/wp-content\/uploads\/2021\/05\/estrella-blanca-sales-brochure-thumbnail.png\" class=\"attachment-large size-large\" alt=\"\" loading=\"lazy\" srcset=\"https:\/\/www.estrelladevelop.com\/wp-content\/uploads\/2021\/05\/estrella-blanca-sales-brochure-thumbnail.png 500w, https:\/\/www.estrelladevelop.com\/wp-content\/uploads\/2021\/05\/estrella-blanca-sales-brochure-thumbnail-247x300.png 247w\" sizes=\"(max-width: 500px) 100vw, 500px\" \/>\t\t\t\t\t\t\t\t<\/a>\n\t\t\t\t\t\t\t\t\t\t\t<\/div>\n\t\t\t\t<\/div>\n\t\t\t\t<\/div>\n\t\t\t\t<div class=\"elementor-element elementor-element-378c34c elementor-widget elementor-widget-text-editor\" data-id=\"378c34c\" data-element_type=\"widget\" data-widget_type=\"text-editor.default\">\n\t\t\t\t<div class=\"elementor-widget-container\">\n\t\t\t\t\t<div class=\"elementor-text-editor elementor-clearfix\"><p><a href=\"https:\/\/www.estrelladevelop.com\/wp-content\/uploads\/2021\/05\/Estrella-Blanca-Sales-Brochure.pdf\" target=\"_blank\" rel=\"noopener\">maggiori informazioni<\/a><\/p><\/div>\n\t\t\t\t<\/div>\n\t\t\t\t<\/div>\n\t\t\t\t\t\t<\/div>\n\t\t\t<\/div>\n\t\t<\/div>\n\t\t\t\t<div class=\"elementor-element elementor-element-194d024 elementor-column elementor-col-50 elementor-inner-column\" data-id=\"194d024\" data-element_type=\"column\">\n\t\t\t<div class=\"elementor-column-wrap  elementor-element-populated\">\n\t\t\t\t\t<div class=\"elementor-widget-wrap\">\n\t\t\t\t<div class=\"elementor-element elementor-element-4304 elementor-widget elementor-widget-text-editor\" data-id=\"4304\" data-element_type=\"widget\" data-widget_type=\"text-editor.default\">\n\t\t\t\t<div class=\"elementor-widget-container\">\n\t\t\t\t\t<div class=\"elementor-text-editor elementor-clearfix\">I nostri progetti sono caratterizzati da un concetto innovativo, l\u2019architettura contemporanea e unica, costruzione di alta qualit\u00e0, planimetrie moderne e luminose, nonch\u00e9 un design degli interni eccezionale ed estetico che incorpora la tecnologia pi\u00f9 recente e pi\u00f9 sostenibile.<\/div>\n\t\t\t\t<\/div>\n\t\t\t\t<\/div>\n\t\t\t\t\t\t<\/div>\n\t\t\t<\/div>\n\t\t<\/div>\n\t\t\t\t\t\t<\/div>\n\t\t\t<\/div>\n\t\t<\/section>\n\t\t\t\t\t\t<\/div>\n\t\t\t<\/div>\n\t\t<\/div>\n\t\t\t\t\t\t<\/div>\n\t\t\t<\/div>\n\t\t<\/section>\n\t\t\t\t\t\t<\/div>\n\t\t\t<\/div>\n\t\t<\/div>","protected":false},"excerpt":{"rendered":"<p>more information Our projects are characterized by innovative concept, contemporary and unique architecture, high-quality construction, modern and bright floor plans as well as an outstanding and aesthetic interior design incorporating the latest and most sustainable technology.<\/p>","protected":false},"author":2,"featured_media":0,"parent":0,"menu_order":0,"comment_status":"closed","ping_status":"closed","template":"page-nav-transparent.php","meta":[],"_links":{"self":[{"href":"https:\/\/www.estrelladevelop.com\/it\/wp-json\/wp\/v2\/pages\/25"}],"collection":[{"href":"https:\/\/www.estrelladevelop.com\/it\/wp-json\/wp\/v2\/pages"}],"about":[{"href":"https:\/\/www.estrelladevelop.com\/it\/wp-json\/wp\/v2\/types\/page"}],"author":[{"embeddable":true,"href":"https:\/\/www.estrelladevelop.com\/it\/wp-json\/wp\/v2\/users\/2"}],"replies":[{"embeddable":true,"href":"https:\/\/www.estrelladevelop.com\/it\/wp-json\/wp\/v2\/comments?post=25"}],"version-history":[{"count":5,"href":"https:\/\/www.estrelladevelop.com\/it\/wp-json\/wp\/v2\/pages\/25\/revisions"}],"predecessor-version":[{"id":1061,"href":"https:\/\/www.estrelladevelop.com\/it\/wp-json\/wp\/v2\/pages\/25\/revisions\/1061"}],"wp:attachment":[{"href":"https:\/\/www.estrelladevelop.com\/it\/wp-json\/wp\/v2\/media?parent=25"}],"curies":[{"name":"wp","href":"https:\/\/api.w.org\/{rel}","templated":true}]}}